{"id":7217,"date":"2022-04-05T13:54:29","date_gmt":"2022-04-05T11:54:29","guid":{"rendered":"https:\/\/byangela.fr\/about\/"},"modified":"2025-11-26T00:28:30","modified_gmt":"2025-11-25T23:28:30","slug":"about","status":"publish","type":"page","link":"https:\/\/byangela.fr\/en\/about\/","title":{"rendered":"About"},"content":{"rendered":"\t\t<div data-elementor-type=\"wp-page\" data-elementor-id=\"7217\" class=\"elementor elementor-7217 elementor-4890\">\n\t\t\t\t\t\t\t\t\t<section class=\"elementor-section elementor-top-section elementor-element elementor-element-45fed3cf pt-section-content-fullwidth pt_scroll_y_120 pt-parallax-on-scroll elementor-section-boxed elementor-section-height-default elementor-section-height-default\" data-id=\"45fed3cf\" data-element_type=\"section\" data-settings=\"{&quot;background_background&quot;:&quot;classic&quot;}\" data-pt-parallax-y=\"120\" style=\"background-image: none;\" data-pt-background-image=\"https:\/\/byangela.fr\/wp-content\/uploads\/2025\/08\/coaching-en-image.jpg\">\n\t\t\t\t\t\t\t<div class=\"elementor-background-overlay\"><\/div>\n\t\t\t\t\t\t\t<div class=\"elementor-container elementor-column-gap-no\">\n\t\t\t\t\t<div class=\"elementor-column elementor-col-100 elementor-top-column elementor-element elementor-element-534bfec1 dark-color\" data-id=\"534bfec1\" data-element_type=\"column\">\n\t\t\t<div class=\"elementor-widget-wrap elementor-element-populated\">\n\t\t\t\t\t\t\t\t<div class=\"elementor-element elementor-element-2be3b49b elementor-widget elementor-widget-pt_title\" data-id=\"2be3b49b\" data-element_type=\"widget\" data-widget_type=\"pt_title.default\">\n\t\t\t\t<div class=\"elementor-widget-container\">\n\t\t\t\n        <div class=\"pt-title-wrap text-center\">\t            <h1 class=\"pt-title\">\n\t                ABOUT\t            <\/h1>        <\/div>\t\t<\/div>\n\t\t\t\t<\/div>\n\t\t\t\t\t<\/div>\n\t\t<\/div>\n\t\t\t\t\t\t\t<\/div>\n\t\t<\/section>\n\t\t\t\t<section class=\"elementor-section elementor-top-section elementor-element elementor-element-5788f552 elementor-section-boxed elementor-section-height-default elementor-section-height-default\" data-id=\"5788f552\" data-element_type=\"section\" data-settings=\"{&quot;background_background&quot;:&quot;classic&quot;}\">\n\t\t\t\t\t\t<div class=\"elementor-container elementor-column-gap-no\">\n\t\t\t\t\t<div class=\"elementor-column elementor-col-50 elementor-top-column elementor-element elementor-element-4a59cbcc\" data-id=\"4a59cbcc\" data-element_type=\"column\">\n\t\t\t<div class=\"elementor-widget-wrap elementor-element-populated\">\n\t\t\t\t\t\t\t\t<div class=\"elementor-element elementor-element-bd9b7d5 elementor-tablet-align-center elementor-widget elementor-widget-pt_rounded_image\" data-id=\"bd9b7d5\" data-element_type=\"widget\" data-widget_type=\"pt_rounded_image.default\">\n\t\t\t\t<div class=\"elementor-widget-container\">\n\t\t\t             <div class=\"pt-rounded-image\" style=\"border-radius: 0 0 0 0;\">\n                 <img decoding=\"async\" src=\"https:\/\/byangela.fr\/wp-content\/uploads\/2025\/09\/IMG_1413.jpg\" title=\"IMG_1413\" alt=\"IMG_1413\" \/>             <\/div>\t\t<\/div>\n\t\t\t\t<\/div>\n\t\t\t\t\t<\/div>\n\t\t<\/div>\n\t\t\t\t<div class=\"elementor-column elementor-col-50 elementor-top-column elementor-element elementor-element-4710e13e\" data-id=\"4710e13e\" data-element_type=\"column\">\n\t\t\t<div class=\"elementor-widget-wrap elementor-element-populated\">\n\t\t\t\t\t\t\t\t<div class=\"elementor-element elementor-element-788abb4e elementor-widget elementor-widget-pt_title\" data-id=\"788abb4e\" data-element_type=\"widget\" data-widget_type=\"pt_title.default\">\n\t\t\t\t<div class=\"elementor-widget-container\">\n\t\t\t\n        <div class=\"pt-title-wrap text-center-mobile text-center-tablet\">\t            <h3 class=\"pt-title\">\n\t                Who is Angela?\t            <\/h3>\t            <div class=\"pt-title-text\">\n\t                <p>Passionate about fashion since childhood, I gained professional experience in various sectors before settling on image consulting.<\/p><p>Certified by the best Parisian school, IDRI (Institut De Relooking International), I offer you a unique experience to discover your image.<\/p><p>With a strong interest in Haute Couture hairdressing, I trained and then perfected my skills at the Academy of the famous Alexandre de Paris.<\/p><p>Thanks to my know-how and expertise, I know how to transform my clients into the queens of an evening. Enhancing a person&#8217;s beauty according to their personality is a passion of mine. I had the great privilege of applying makeup to models who presented Slava Zaitsev&#8217;s two collections: the Russian collection at the H\u00f4tel de Crillon and the Oriental collection at the H\u00f4tel P\u00e9ninsula during the 2018 Oriental Fashion Show. I spent fantastic and unforgettable moments with the renowned Master of Russian Haute Couture.<\/p>\t            <\/div>        <\/div>\t\t<\/div>\n\t\t\t\t<\/div>\n\t\t\t\t\t<\/div>\n\t\t<\/div>\n\t\t\t\t\t\t\t<\/div>\n\t\t<\/section>\n\t\t\t\t\t\t\t<\/div>\n\t\t","protected":false},"excerpt":{"rendered":"<p>ABOUT Who is Angela? Passionate about fashion since childhood, I gained professional experience in various sectors before settling on image consulting. Certified by the best Parisian school, IDRI (Institut De Relooking International), I offer you a unique experience to discover your image. With a strong interest in Haute Couture hairdressing, I trained and then perfected &#8230;<\/p>\n","protected":false},"author":1,"featured_media":0,"parent":0,"menu_order":0,"comment_status":"closed","ping_status":"closed","template":"template-wide-content.php","meta":{"patiotime_single_page_hide_site_header":"","patiotime_single_page_site_header_source":"","patiotime_single_page_custom_site_header":"","patiotime_single_page_custom_sticky_site_header":"","patiotime_single_page_hide_page_title":"on","patiotime_single_page_header_section_size":"","patiotime_single_page_header_background_color":"","patiotime_single_page_header_background_position_x":"center","patiotime_single_page_header_background_position_y":"center","patiotime_single_page_header_background_size":"cover","patiotime_single_page_header_background_repeat":"off","patiotime_single_page_header_background_scroll":"on","patiotime_single_page_header_text_color":"","patiotime_single_page_header_show_breadcrumb":"","patiotime_single_page_site_footer_hide_main":"","patiotime_single_page_site_footer_hide_above":"","patiotime_single_page_site_footer_hide_instagram":"","patiotime_single_page_site_footer_hide_bottom":"","footnotes":""},"class_list":["post-7217","page","type-page","status-publish","hentry"],"yoast_head":"<!-- This site is optimized with the Yoast SEO plugin v27.1.1 - https:\/\/yoast.com\/product\/yoast-seo-wordpress\/ -->\n<title>By Angela \u2013 Image &amp; Style Consultant Paris<\/title>\n<meta name=\"description\" content=\"Paris-based image consultant Angela combines high-fashion training, colour analysis and makeup artistry to reveal your unique style.\" \/>\n<meta name=\"robots\" content=\"index, follow, max-snippet:-1, max-image-preview:large, max-video-preview:-1\" \/>\n<link rel=\"canonical\" href=\"https:\/\/byangela.fr\/en\/about\/\" \/>\n<meta property=\"og:locale\" content=\"en_US\" \/>\n<meta property=\"og:type\" content=\"article\" \/>\n<meta property=\"og:title\" content=\"By Angela \u2013 Image &amp; Style Consultant Paris\" \/>\n<meta property=\"og:description\" content=\"Paris-based image consultant Angela combines high-fashion training, colour analysis and makeup artistry to reveal your unique style.\" \/>\n<meta property=\"og:url\" content=\"https:\/\/byangela.fr\/en\/about\/\" \/>\n<meta property=\"og:site_name\" content=\"By Angela\" \/>\n<meta property=\"article:modified_time\" content=\"2025-11-25T23:28:30+00:00\" \/>\n<meta property=\"og:image\" content=\"https:\/\/byangela.fr\/wp-content\/uploads\/2022\/10\/a-1024x683.jpg\" \/>\n<meta name=\"twitter:card\" content=\"summary_large_image\" \/>\n<meta name=\"twitter:label1\" content=\"Est. reading time\" \/>\n\t<meta name=\"twitter:data1\" content=\"1 minute\" \/>\n<script type=\"application\/ld+json\" class=\"yoast-schema-graph\">{\"@context\":\"https:\/\/schema.org\",\"@graph\":[{\"@type\":\"WebPage\",\"@id\":\"https:\/\/byangela.fr\/en\/about\/\",\"url\":\"https:\/\/byangela.fr\/en\/about\/\",\"name\":\"By Angela \u2013 Image & Style Consultant Paris\",\"isPartOf\":{\"@id\":\"https:\/\/byangela.fr\/en\/#website\"},\"primaryImageOfPage\":{\"@id\":\"https:\/\/byangela.fr\/en\/about\/#primaryimage\"},\"image\":{\"@id\":\"https:\/\/byangela.fr\/en\/about\/#primaryimage\"},\"thumbnailUrl\":\"https:\/\/byangela.fr\/wp-content\/uploads\/2025\/09\/IMG_1413.jpg\",\"datePublished\":\"2022-04-05T11:54:29+00:00\",\"dateModified\":\"2025-11-25T23:28:30+00:00\",\"description\":\"Paris-based image consultant Angela combines high-fashion training, colour analysis and makeup artistry to reveal your unique style.\",\"breadcrumb\":{\"@id\":\"https:\/\/byangela.fr\/en\/about\/#breadcrumb\"},\"inLanguage\":\"en-US\",\"potentialAction\":[{\"@type\":\"ReadAction\",\"target\":[\"https:\/\/byangela.fr\/en\/about\/\"]}]},{\"@type\":\"ImageObject\",\"inLanguage\":\"en-US\",\"@id\":\"https:\/\/byangela.fr\/en\/about\/#primaryimage\",\"url\":\"https:\/\/byangela.fr\/wp-content\/uploads\/2025\/09\/IMG_1413.jpg\",\"contentUrl\":\"https:\/\/byangela.fr\/wp-content\/uploads\/2025\/09\/IMG_1413.jpg\"},{\"@type\":\"BreadcrumbList\",\"@id\":\"https:\/\/byangela.fr\/en\/about\/#breadcrumb\",\"itemListElement\":[{\"@type\":\"ListItem\",\"position\":1,\"name\":\"Home\",\"item\":\"https:\/\/byangela.fr\/en\/\"},{\"@type\":\"ListItem\",\"position\":2,\"name\":\"About\"}]},{\"@type\":\"WebSite\",\"@id\":\"https:\/\/byangela.fr\/en\/#website\",\"url\":\"https:\/\/byangela.fr\/en\/\",\"name\":\"Restaurant les Roches Blanches\",\"description\":\"\",\"publisher\":{\"@id\":\"https:\/\/byangela.fr\/en\/#organization\"},\"potentialAction\":[{\"@type\":\"SearchAction\",\"target\":{\"@type\":\"EntryPoint\",\"urlTemplate\":\"https:\/\/byangela.fr\/en\/?s={search_term_string}\"},\"query-input\":{\"@type\":\"PropertyValueSpecification\",\"valueRequired\":true,\"valueName\":\"search_term_string\"}}],\"inLanguage\":\"en-US\"},{\"@type\":\"Organization\",\"@id\":\"https:\/\/byangela.fr\/en\/#organization\",\"name\":\"Restaurant les Roches Blanches\",\"url\":\"https:\/\/byangela.fr\/en\/\",\"logo\":{\"@type\":\"ImageObject\",\"inLanguage\":\"en-US\",\"@id\":\"https:\/\/byangela.fr\/en\/#\/schema\/logo\/image\/\",\"url\":\"https:\/\/byangela.fr\/wp-content\/uploads\/2025\/11\/logo-Home.png\",\"contentUrl\":\"https:\/\/byangela.fr\/wp-content\/uploads\/2025\/11\/logo-Home.png\",\"width\":300,\"height\":193,\"caption\":\"Restaurant les Roches Blanches\"},\"image\":{\"@id\":\"https:\/\/byangela.fr\/en\/#\/schema\/logo\/image\/\"}}]}<\/script>\n<!-- \/ Yoast SEO plugin. -->","yoast_head_json":{"title":"By Angela \u2013 Image & Style Consultant Paris","description":"Paris-based image consultant Angela combines high-fashion training, colour analysis and makeup artistry to reveal your unique style.","robots":{"index":"index","follow":"follow","max-snippet":"max-snippet:-1","max-image-preview":"max-image-preview:large","max-video-preview":"max-video-preview:-1"},"canonical":"https:\/\/byangela.fr\/en\/about\/","og_locale":"en_US","og_type":"article","og_title":"By Angela \u2013 Image & Style Consultant Paris","og_description":"Paris-based image consultant Angela combines high-fashion training, colour analysis and makeup artistry to reveal your unique style.","og_url":"https:\/\/byangela.fr\/en\/about\/","og_site_name":"By Angela","article_modified_time":"2025-11-25T23:28:30+00:00","og_image":[{"url":"https:\/\/byangela.fr\/wp-content\/uploads\/2022\/10\/a-1024x683.jpg","type":"","width":"","height":""}],"twitter_card":"summary_large_image","twitter_misc":{"Est. reading time":"1 minute"},"schema":{"@context":"https:\/\/schema.org","@graph":[{"@type":"WebPage","@id":"https:\/\/byangela.fr\/en\/about\/","url":"https:\/\/byangela.fr\/en\/about\/","name":"By Angela \u2013 Image & Style Consultant Paris","isPartOf":{"@id":"https:\/\/byangela.fr\/en\/#website"},"primaryImageOfPage":{"@id":"https:\/\/byangela.fr\/en\/about\/#primaryimage"},"image":{"@id":"https:\/\/byangela.fr\/en\/about\/#primaryimage"},"thumbnailUrl":"https:\/\/byangela.fr\/wp-content\/uploads\/2025\/09\/IMG_1413.jpg","datePublished":"2022-04-05T11:54:29+00:00","dateModified":"2025-11-25T23:28:30+00:00","description":"Paris-based image consultant Angela combines high-fashion training, colour analysis and makeup artistry to reveal your unique style.","breadcrumb":{"@id":"https:\/\/byangela.fr\/en\/about\/#breadcrumb"},"inLanguage":"en-US","potentialAction":[{"@type":"ReadAction","target":["https:\/\/byangela.fr\/en\/about\/"]}]},{"@type":"ImageObject","inLanguage":"en-US","@id":"https:\/\/byangela.fr\/en\/about\/#primaryimage","url":"https:\/\/byangela.fr\/wp-content\/uploads\/2025\/09\/IMG_1413.jpg","contentUrl":"https:\/\/byangela.fr\/wp-content\/uploads\/2025\/09\/IMG_1413.jpg"},{"@type":"BreadcrumbList","@id":"https:\/\/byangela.fr\/en\/about\/#breadcrumb","itemListElement":[{"@type":"ListItem","position":1,"name":"Home","item":"https:\/\/byangela.fr\/en\/"},{"@type":"ListItem","position":2,"name":"About"}]},{"@type":"WebSite","@id":"https:\/\/byangela.fr\/en\/#website","url":"https:\/\/byangela.fr\/en\/","name":"Restaurant les Roches Blanches","description":"","publisher":{"@id":"https:\/\/byangela.fr\/en\/#organization"},"potentialAction":[{"@type":"SearchAction","target":{"@type":"EntryPoint","urlTemplate":"https:\/\/byangela.fr\/en\/?s={search_term_string}"},"query-input":{"@type":"PropertyValueSpecification","valueRequired":true,"valueName":"search_term_string"}}],"inLanguage":"en-US"},{"@type":"Organization","@id":"https:\/\/byangela.fr\/en\/#organization","name":"Restaurant les Roches Blanches","url":"https:\/\/byangela.fr\/en\/","logo":{"@type":"ImageObject","inLanguage":"en-US","@id":"https:\/\/byangela.fr\/en\/#\/schema\/logo\/image\/","url":"https:\/\/byangela.fr\/wp-content\/uploads\/2025\/11\/logo-Home.png","contentUrl":"https:\/\/byangela.fr\/wp-content\/uploads\/2025\/11\/logo-Home.png","width":300,"height":193,"caption":"Restaurant les Roches Blanches"},"image":{"@id":"https:\/\/byangela.fr\/en\/#\/schema\/logo\/image\/"}}]}},"_links":{"self":[{"href":"https:\/\/byangela.fr\/en\/wp-json\/wp\/v2\/pages\/7217","targetHints":{"allow":["GET"]}}],"collection":[{"href":"https:\/\/byangela.fr\/en\/wp-json\/wp\/v2\/pages"}],"about":[{"href":"https:\/\/byangela.fr\/en\/wp-json\/wp\/v2\/types\/page"}],"author":[{"embeddable":true,"href":"https:\/\/byangela.fr\/en\/wp-json\/wp\/v2\/users\/1"}],"replies":[{"embeddable":true,"href":"https:\/\/byangela.fr\/en\/wp-json\/wp\/v2\/comments?post=7217"}],"version-history":[{"count":9,"href":"https:\/\/byangela.fr\/en\/wp-json\/wp\/v2\/pages\/7217\/revisions"}],"predecessor-version":[{"id":7393,"href":"https:\/\/byangela.fr\/en\/wp-json\/wp\/v2\/pages\/7217\/revisions\/7393"}],"wp:attachment":[{"href":"https:\/\/byangela.fr\/en\/wp-json\/wp\/v2\/media?parent=7217"}],"curies":[{"name":"wp","href":"https:\/\/api.w.org\/{rel}","templated":true}]}}